{"id":5,"date":"2020-01-13T11:17:52","date_gmt":"2020-01-13T11:17:52","guid":{"rendered":"https:\/\/demosites.io\/web-agency-gb\/?page_id=5"},"modified":"2023-03-22T21:25:11","modified_gmt":"2023-03-22T20:25:11","slug":"15c42-web-agency-gb-home","status":"publish","type":"page","link":"https:\/\/terresetbocages.org\/","title":{"rendered":"Home"},"content":{"rendered":"\n<div class=\"wp-block-cover alignfull is-light\" style=\"min-height:700px\"><span aria-hidden=\"true\" class=\"wp-block-cover__background has-background-dim-0 has-background-dim\"><\/span><img decoding=\"async\" loading=\"lazy\" width=\"3264\" height=\"2448\" class=\"wp-block-cover__image-background wp-image-45\" alt=\"\" src=\"http:\/\/terresetbocages.org\/wp-content\/uploads\/2017\/05\/APNAvril08-171.jpg\" style=\"object-position:57% 22%\" data-object-fit=\"cover\" data-object-position=\"57% 22%\" srcset=\"https:\/\/terresetbocages.org\/wp-content\/uploads\/2017\/05\/APNAvril08-171.jpg 3264w, https:\/\/terresetbocages.org\/wp-content\/uploads\/2017\/05\/APNAvril08-171-300x225.jpg 300w, https:\/\/terresetbocages.org\/wp-content\/uploads\/2017\/05\/APNAvril08-171-768x576.jpg 768w, https:\/\/terresetbocages.org\/wp-content\/uploads\/2017\/05\/APNAvril08-171-1024x768.jpg 1024w\" sizes=\"(max-width: 3264px) 100vw, 3264px\" \/><div class=\"wp-block-cover__inner-container\">\n<div style=\"height:80px\" aria-hidden=\"true\" class=\"wp-block-spacer\"><\/div>\n\n\n\n<h1 class=\"has-text-align-center has-text-color\" style=\"color:#121212\">Bienvenue <\/h1>\n\n\n\n<div class=\"is-layout-constrained wp-block-group has-nv-site-bg-color has-text-color has-small-font-size\"><div class=\"wp-block-group__inner-container\">\n<p><\/p>\n\n\n\n<p class=\"has-text-align-center\" style=\"font-size:21px\">Terres et Bocages est un collectif d&rsquo;agriculteurs qui \u0153uvre depuis 15 ans sur le territoire breton pour le maintien et le renouvellement d&rsquo;un bocage de qualit\u00e9 li\u00e9 \u00e0 l&rsquo;activit\u00e9 agricole. <\/p>\n\n\n\n<p><\/p>\n<\/div><\/div>\n\n\n\n<div class=\"is-horizontal is-content-justification-center is-layout-flex wp-container-2 wp-block-buttons\">\n<div class=\"wp-block-button is-style-primary\"><a class=\"wp-block-button__link wp-element-button\" href=\"http:\/\/terresetbocages.org\/index.php\/adherer-2\/\">Nous soutenir<\/a><\/div>\n\n\n\n<div class=\"wp-block-button is-style-secondary\"><a class=\"wp-block-button__link has-nv-light-bg-background-color has-background wp-element-button\" href=\"http:\/\/terresetbocages.org\/index.php\/contact\/\" style=\"border-radius:0px\">Nous contacter<\/a><\/div>\n<\/div>\n\n\n\n<div style=\"height:80px\" aria-hidden=\"true\" class=\"wp-block-spacer\"><\/div>\n\n\n\n<div style=\"height:80px\" aria-hidden=\"true\" class=\"wp-block-spacer\"><\/div>\n<\/div><\/div>\n\n\n\n<div style=\"height:80px\" aria-hidden=\"true\" class=\"wp-block-spacer\"><\/div>\n\n\n\n<div class=\"is-layout-flex wp-container-6 wp-block-columns\">\n<div class=\"is-layout-flow wp-block-column\"><div class=\"wp-block-image icon-style is-style-rounded\">\n<figure class=\"aligncenter size-thumbnail is-resized\"><a href=\"https:\/\/terresetbocages.org\/index.php\/nos-actions\/\"><img decoding=\"async\" loading=\"lazy\" src=\"https:\/\/terresetbocages.org\/wp-content\/uploads\/2023\/02\/croissance-150x150.png\" alt=\"\" class=\"wp-image-385\" width=\"120\" height=\"120\" title=\"\" srcset=\"https:\/\/terresetbocages.org\/wp-content\/uploads\/2023\/02\/croissance-150x150.png 150w, https:\/\/terresetbocages.org\/wp-content\/uploads\/2023\/02\/croissance-300x300.png 300w, https:\/\/terresetbocages.org\/wp-content\/uploads\/2023\/02\/croissance.png 512w\" sizes=\"(max-width: 120px) 100vw, 120px\" \/><\/a><\/figure><\/div>\n\n\n<h2 class=\"has-text-align-center has-neve-text-color-color has-text-color\">Planter <\/h2>\n\n\n\n<p class=\"has-text-align-center has-medium-font-size\">Renouveler le bocage au travers de chantiers collectifs.<\/p>\n\n\n\n<div style=\"height:20px\" aria-hidden=\"true\" class=\"wp-block-spacer\"><\/div>\n<\/div>\n\n\n\n<div class=\"is-layout-flow wp-block-column\"><div class=\"wp-block-image icon-style is-style-rounded\">\n<figure class=\"aligncenter size-thumbnail is-resized\"><a href=\"https:\/\/terresetbocages.org\/index.php\/nos-actions\/\"><img decoding=\"async\" loading=\"lazy\" src=\"https:\/\/terresetbocages.org\/wp-content\/uploads\/2023\/02\/cisailles-150x150.png\" alt=\"\" class=\"wp-image-386\" width=\"120\" height=\"120\" srcset=\"https:\/\/terresetbocages.org\/wp-content\/uploads\/2023\/02\/cisailles-150x150.png 150w, https:\/\/terresetbocages.org\/wp-content\/uploads\/2023\/02\/cisailles-300x300.png 300w, https:\/\/terresetbocages.org\/wp-content\/uploads\/2023\/02\/cisailles.png 512w\" sizes=\"(max-width: 120px) 100vw, 120px\" \/><\/a><\/figure><\/div>\n\n\n<h2 class=\"has-text-align-center has-neve-text-color-color has-text-color\">Entretenir<\/h2>\n\n\n\n<p class=\"has-text-align-center has-medium-font-size\">R\u00e9aliser une taille qualitative et s\u00e9lective des arbres, broyer les r\u00e9manents.<\/p>\n\n\n\n<div style=\"height:20px\" aria-hidden=\"true\" class=\"wp-block-spacer\"><\/div>\n<\/div>\n\n\n\n<div class=\"is-layout-flow wp-block-column\"><div class=\"wp-block-image icon-style is-style-rounded\">\n<figure class=\"aligncenter size-thumbnail is-resized\"><a href=\"https:\/\/terresetbocages.org\/index.php\/nos-actions\/\"><img decoding=\"async\" loading=\"lazy\" src=\"https:\/\/terresetbocages.org\/wp-content\/uploads\/2023\/02\/reseau-150x150.png\" alt=\"\" class=\"wp-image-387\" width=\"120\" height=\"120\" srcset=\"https:\/\/terresetbocages.org\/wp-content\/uploads\/2023\/02\/reseau-150x150.png 150w, https:\/\/terresetbocages.org\/wp-content\/uploads\/2023\/02\/reseau-300x300.png 300w, https:\/\/terresetbocages.org\/wp-content\/uploads\/2023\/02\/reseau.png 512w\" sizes=\"(max-width: 120px) 100vw, 120px\" \/><\/a><\/figure><\/div>\n\n\n<h2 class=\"has-text-align-center has-neve-text-color-color has-text-color\">Transmettre<\/h2>\n\n\n\n<p class=\"has-text-align-center has-medium-font-size\">Partager les savoirs et savoir-faire issus de l&rsquo;exp\u00e9rience<\/p>\n\n\n\n<div style=\"height:20px\" aria-hidden=\"true\" class=\"wp-block-spacer\"><\/div>\n<\/div>\n<\/div>\n\n\n\n<div class=\"is-horizontal is-content-justification-center is-layout-flex wp-container-7 wp-block-buttons has-custom-font-size has-medium-font-size\">\n<div class=\"wp-block-button has-custom-width wp-block-button__width-50 is-style-primary\"><a class=\"wp-block-button__link wp-element-button\" href=\"http:\/\/terresetbocages.org\/index.php\/nos-actions\/\">D\u00e9couvrir nos actions<\/a><\/div>\n<\/div>\n\n\n\n<p><\/p>\n\n\n\n<div class=\"wp-block-cover alignfull is-light\" style=\"min-height:600px\"><span aria-hidden=\"true\" class=\"wp-block-cover__background has-background-dim-100 has-background-dim\" style=\"background-color:#c7ca91\"><\/span><div class=\"wp-block-cover__inner-container\">\n<div class=\"is-layout-flow wp-block-group\"><div class=\"wp-block-group__inner-container\">\n<div style=\"height:80px\" aria-hidden=\"true\" class=\"wp-block-spacer\"><\/div>\n\n\n\n<div class=\"is-layout-flex wp-container-11 wp-block-columns are-vertically-aligned-center\">\n<div class=\"is-layout-flow wp-block-column is-vertically-aligned-center\" style=\"flex-basis:50%\">\n<figure class=\"wp-block-image size-large is-style-default\"><img decoding=\"async\" loading=\"lazy\" width=\"1024\" height=\"768\" src=\"http:\/\/terresetbocages.org\/wp-content\/uploads\/2023\/03\/P3130176-1024x768.jpg\" alt=\"\" class=\"wp-image-601\" srcset=\"https:\/\/terresetbocages.org\/wp-content\/uploads\/2023\/03\/P3130176-1024x768.jpg 1024w, https:\/\/terresetbocages.org\/wp-content\/uploads\/2023\/03\/P3130176-300x225.jpg 300w, https:\/\/terresetbocages.org\/wp-content\/uploads\/2023\/03\/P3130176-768x576.jpg 768w, https:\/\/terresetbocages.org\/wp-content\/uploads\/2023\/03\/P3130176-1536x1152.jpg 1536w, https:\/\/terresetbocages.org\/wp-content\/uploads\/2023\/03\/P3130176-2048x1536.jpg 2048w\" sizes=\"(max-width: 1024px) 100vw, 1024px\" \/><\/figure>\n<\/div>\n\n\n\n<div class=\"is-layout-flow wp-block-column is-vertically-aligned-center\" style=\"flex-basis:50%\">\n<h2 class=\"has-text-align-left has-neve-text-color-color has-text-color\">Quelles valeurs pour l&rsquo;association?<\/h2>\n\n\n\n<p class=\"has-text-align-left has-neve-text-color-color has-text-color has-medium-font-size\">Au c\u0153ur de la mission de Terres et Bocages il y a la volont\u00e9 de s\u2019organiser entre agriculteurs, selon des mod\u00e8les inspir\u00e9s du monde agricole, afin de d\u00e9velopper un r\u00e9seau de haies et talus bocagers.<\/p>\n\n\n\n<div class=\"is-horizontal is-content-justification-left is-layout-flex wp-container-9 wp-block-buttons\">\n<div class=\"wp-block-button is-style-primary\"><a class=\"wp-block-button__link wp-element-button\" href=\"http:\/\/terresetbocages.org\/index.php\/nos-valeurs\/\">Lire la suite<\/a><\/div>\n<\/div>\n<\/div>\n<\/div>\n\n\n\n<div style=\"height:40px\" aria-hidden=\"true\" class=\"wp-block-spacer\"><\/div>\n<\/div><\/div>\n<\/div><\/div>\n\n\n\n<div class=\"wp-block-cover alignfull is-light\" style=\"min-height:420px\"><span aria-hidden=\"true\" class=\"wp-block-cover__background has-background-dim-100 has-background-dim\" style=\"background-color:#c7ca91\"><\/span><div class=\"wp-block-cover__inner-container\">\n<div class=\"is-layout-flex wp-container-16 wp-block-columns\">\n<div class=\"is-layout-flow wp-block-column ticss-4ce656f1\">\n<figure class=\"wp-block-image size-large is-resized is-style-rounded\"><img decoding=\"async\" loading=\"lazy\" src=\"https:\/\/terresetbocages.org\/wp-content\/uploads\/2023\/02\/cropped-DSCN1167_2-e1675767008547-edited.jpg\" alt=\"\" class=\"wp-image-405\" width=\"115\" height=\"115\"\/><\/figure>\n\n\n\n<blockquote class=\"wp-block-quote\">\n<p class=\"has-text-align-left has-neve-text-color-color has-text-color has-medium-font-size\">\u201cLes arbres abritent les b\u00eates et am\u00e9liorent le paysage. Sur des parcelles en hauteur de vall\u00e9e, en double pente, ils font front contre le lessivage.\u201d<\/p>\n<cite>Madeleine Valo, agricultrice \u00e0 Tr\u00e9daniel (22), tr\u00e9sori\u00e8re de T&amp;B.<\/cite><\/blockquote>\n\n\n\n<div style=\"height:20px\" aria-hidden=\"true\" class=\"wp-block-spacer\"><\/div>\n<\/div>\n\n\n\n<div class=\"is-layout-flow wp-block-column ticss-f6fc7494\">\n<figure class=\"wp-block-image size-large is-resized is-style-rounded\"><img decoding=\"async\" loading=\"lazy\" src=\"http:\/\/terresetbocages.org\/wp-content\/uploads\/2023\/02\/seb-tarlet-scaled-e1675766318627-1024x1024.jpg\" alt=\"\" class=\"wp-image-403\" width=\"115\" height=\"115\" srcset=\"https:\/\/terresetbocages.org\/wp-content\/uploads\/2023\/02\/seb-tarlet-scaled-e1675766318627-1024x1024.jpg 1024w, https:\/\/terresetbocages.org\/wp-content\/uploads\/2023\/02\/seb-tarlet-scaled-e1675766318627-300x300.jpg 300w, https:\/\/terresetbocages.org\/wp-content\/uploads\/2023\/02\/seb-tarlet-scaled-e1675766318627-150x150.jpg 150w, https:\/\/terresetbocages.org\/wp-content\/uploads\/2023\/02\/seb-tarlet-scaled-e1675766318627-768x768.jpg 768w, https:\/\/terresetbocages.org\/wp-content\/uploads\/2023\/02\/seb-tarlet-scaled-e1675766318627.jpg 1452w\" sizes=\"(max-width: 115px) 100vw, 115px\" \/><\/figure>\n\n\n\n<blockquote class=\"wp-block-quote\">\n<p class=\"has-text-align-left has-neve-text-color-color has-text-color has-medium-font-size\">\u201cPlanter une haie c&rsquo;est un sentiment de bien faire, de laisser quelque chose de positif tout en esp\u00e9rant que la g\u00e9n\u00e9ration d&rsquo;apr\u00e8s ne la d\u00e9fera pas. Quand mon p\u00e8re de 80 ans m&rsquo;a vu planter des arbres il s&rsquo;est inqui\u00e9t\u00e9 &#8211; \u00e7a va?\u201d<\/p>\n<cite>S\u00e9bastien Tarlet, agriculteur \u00e0 Saint-Trimo\u00ebl (22)<\/cite><\/blockquote>\n\n\n\n<div style=\"height:20px\" aria-hidden=\"true\" class=\"wp-block-spacer\"><\/div>\n<\/div>\n\n\n\n<div class=\"is-layout-flow wp-block-column ticss-a5b4df29\">\n<figure class=\"wp-block-image size-large is-resized is-style-rounded\"><img decoding=\"async\" loading=\"lazy\" src=\"http:\/\/terresetbocages.org\/wp-content\/uploads\/2023\/02\/veronique-scaled-e1675767714740-1024x1024.jpg\" alt=\"\" class=\"wp-image-406\" width=\"115\" height=\"115\" srcset=\"https:\/\/terresetbocages.org\/wp-content\/uploads\/2023\/02\/veronique-scaled-e1675767714740-1024x1024.jpg 1024w, https:\/\/terresetbocages.org\/wp-content\/uploads\/2023\/02\/veronique-scaled-e1675767714740-300x300.jpg 300w, https:\/\/terresetbocages.org\/wp-content\/uploads\/2023\/02\/veronique-scaled-e1675767714740-150x150.jpg 150w, https:\/\/terresetbocages.org\/wp-content\/uploads\/2023\/02\/veronique-scaled-e1675767714740-768x768.jpg 768w, https:\/\/terresetbocages.org\/wp-content\/uploads\/2023\/02\/veronique-scaled-e1675767714740.jpg 1107w\" sizes=\"(max-width: 115px) 100vw, 115px\" \/><\/figure>\n\n\n\n<blockquote class=\"wp-block-quote\">\n<p class=\"has-text-align-left has-neve-text-color-color has-text-color has-medium-font-size\">\u201cDans le collectif il y a de tout, des conventionnels, des bios, des qui s\u00e8ment en direct, etc. Les \u00e9changes nous apportent beaucoup, le tout dans une ambiance conviviale !\u201d<\/p>\n\n\n\n<p class=\"has-neve-text-color-color has-text-color\" style=\"font-size:18px\"><\/p>\n<cite>V\u00e9ronique Sadoc, agricultrice \u00e0 Planguenoual (22), administratrice de T&amp;B.<\/cite><\/blockquote>\n<\/div>\n<\/div>\n\n\n\n<div style=\"height:30px\" aria-hidden=\"true\" class=\"wp-block-spacer\"><\/div>\n<\/div><\/div>\n\n\n\n<div class=\"wp-block-cover alignfull\" style=\"min-height:600px\"><span aria-hidden=\"true\" class=\"wp-block-cover__background has-background-dim-100 has-background-dim\" style=\"background-color:#263741\"><\/span><div class=\"wp-block-cover__inner-container\">\n<div class=\"is-layout-flow wp-block-group\"><div class=\"wp-block-group__inner-container\">\n<div style=\"height:80px\" aria-hidden=\"true\" class=\"wp-block-spacer\"><\/div>\n\n\n\n<h2>Recevez nos actualit\u00e9s<\/h2>\n\n\n\n<p class=\"has-medium-font-size\">Soyez inform\u00e9s des \u00e9v\u00e9nements organis\u00e9s par l&rsquo;association : colloques, assembl\u00e9e g\u00e9n\u00e9rale, chantiers.<\/p>\n\n\n\n<div class=\"is-layout-flex wp-container-19 wp-block-columns are-vertically-aligned-center\">\n<div class=\"is-layout-flow wp-block-column is-vertically-aligned-center\" style=\"flex-basis:50%\">\n<figure class=\"wp-block-image size-large\"><img decoding=\"async\" loading=\"lazy\" width=\"1024\" height=\"768\" src=\"https:\/\/terresetbocages.org\/wp-content\/uploads\/2023\/03\/IMG_20190202_165319-1024x768.jpg\" alt=\"\" class=\"wp-image-604\" srcset=\"https:\/\/terresetbocages.org\/wp-content\/uploads\/2023\/03\/IMG_20190202_165319-1024x768.jpg 1024w, https:\/\/terresetbocages.org\/wp-content\/uploads\/2023\/03\/IMG_20190202_165319-300x225.jpg 300w, https:\/\/terresetbocages.org\/wp-content\/uploads\/2023\/03\/IMG_20190202_165319-768x576.jpg 768w, https:\/\/terresetbocages.org\/wp-content\/uploads\/2023\/03\/IMG_20190202_165319-1536x1152.jpg 1536w, https:\/\/terresetbocages.org\/wp-content\/uploads\/2023\/03\/IMG_20190202_165319-2048x1536.jpg 2048w\" sizes=\"(max-width: 1024px) 100vw, 1024px\" \/><\/figure>\n<\/div>\n\n\n\n<div class=\"is-layout-flow wp-block-column is-vertically-aligned-center\" style=\"flex-basis:50%\">\n<p class=\"has-text-align-left has-nv-text-dark-bg-color has-text-color has-medium-font-size\"><\/p>\n\n\n\n<div id=\"wp-block-themeisle-blocks-form-02f19a5f\" class=\"wp-block-themeisle-blocks-form\" data-option-name=\"bf9b28ff82ce323187abc5d0feb0d8f07ecd8436_02f19a5f\"><form class=\"otter-form__container\">\n<div id=\"wp-block-themeisle-blocks-form-input-b4972b84\" class=\"wp-block-themeisle-blocks-form-input\"><label for=\"wp-block-themeisle-blocks-form-input-b4972b84-input\" class=\"otter-form-input-label\"><span class=\"otter-form-input-label__label\">Nom et pr\u00e9nom<\/span><span class=\"required\">*<\/span><\/label><input type=\"text\" id=\"wp-block-themeisle-blocks-form-input-b4972b84-input\" required class=\"otter-form-input\"\/><\/div>\n\n\n\n<div id=\"wp-block-themeisle-blocks-form-input-8039d60f\" class=\"wp-block-themeisle-blocks-form-input\"><label for=\"wp-block-themeisle-blocks-form-input-8039d60f-input\" class=\"otter-form-input-label\"><span class=\"otter-form-input-label__label\">Adresse postale<\/span><\/label><input type=\"text\" id=\"wp-block-themeisle-blocks-form-input-8039d60f-input\" class=\"otter-form-input\"\/><\/div>\n\n\n\n<div id=\"wp-block-themeisle-blocks-form-input-4ebca383\" class=\"wp-block-themeisle-blocks-form-input\"><label for=\"wp-block-themeisle-blocks-form-input-4ebca383-input\" class=\"otter-form-input-label\"><span class=\"otter-form-input-label__label\">Email<\/span><span class=\"required\">*<\/span><\/label><input type=\"email\" id=\"wp-block-themeisle-blocks-form-input-4ebca383-input\" required class=\"otter-form-input\"\/><\/div>\n\n\n<div class=\"protection\"><input type=\"hidden\" id=\"wp-block-themeisle-blocks-form-02f19a5f_nonce_field\" name=\"wp-block-themeisle-blocks-form-02f19a5f_nonce_field\" value=\"946fe2f99f\" \/><input type=\"hidden\" name=\"_wp_http_referer\" value=\"\/index.php\/wp-json\/wp\/v2\/pages\/5\" \/><\/div>\n\n\n<p class=\"has-extra-small-font-size\"><\/p>\n<div class=\"wp-block-button\"><button class=\"wp-block-button__link\" type=\"submit\">Envoyer<\/button><\/div><\/form><\/div>\n<\/div>\n<\/div>\n\n\n\n<div style=\"height:50px\" aria-hidden=\"true\" class=\"wp-block-spacer\"><\/div>\n<\/div><\/div>\n<\/div><\/div>\n\n\n\n<p class=\"has-text-align-center has-nv-site-bg-color has-neve-text-color-background-color has-text-color has-background has-small-font-size\">Cr\u00e9dits photo : Neven Denis | Thierry Guehenneuc <\/p>\n","protected":false},"excerpt":{"rendered":"<p>Planter Renouveler le bocage au travers de chantiers collectifs. Entretenir R\u00e9aliser une taille qualitative et s\u00e9lective des arbres, broyer les r\u00e9manents. Transmettre Partager les savoirs et savoir-faire issus de l&rsquo;exp\u00e9rience Cr\u00e9dits photo : Neven Denis | Thierry Guehenneuc<\/p>\n","protected":false},"author":1,"featured_media":0,"parent":0,"menu_order":0,"comment_status":"closed","ping_status":"closed","template":"","meta":{"neve_meta_sidebar":"default","neve_meta_container":"default","neve_meta_enable_content_width":"on","neve_meta_content_width":100,"neve_meta_title_alignment":"","neve_meta_author_avatar":"","neve_post_elements_order":"","neve_meta_disable_header":"","neve_meta_disable_footer":"","neve_meta_disable_title":"on","_themeisle_gutenberg_block_has_review":false,"_ti_tpc_template_sync":false,"_ti_tpc_template_id":"5udqur826ojgsxrmsxsc"},"yoast_head":"<!-- This site is optimized with the Yoast SEO plugin v19.11 - https:\/\/yoast.com\/wordpress\/plugins\/seo\/ -->\n<title>Home &ndash; Association Terres et bocages<\/title>\n<meta name=\"robots\" content=\"index, follow, max-snippet:-1, max-image-preview:large, max-video-preview:-1\" \/>\n<link rel=\"canonical\" href=\"https:\/\/terresetbocages.org\/\" \/>\n<meta property=\"og:locale\" content=\"fr_FR\" \/>\n<meta property=\"og:type\" content=\"article\" \/>\n<meta property=\"og:title\" content=\"Home &ndash; Association Terres et bocages\" \/>\n<meta property=\"og:description\" content=\"Planter Renouveler le bocage au travers de chantiers collectifs. Entretenir R\u00e9aliser une taille qualitative et s\u00e9lective des arbres, broyer les r\u00e9manents. Transmettre Partager les savoirs et savoir-faire issus de l&rsquo;exp\u00e9rience Cr\u00e9dits photo : Neven Denis | Thierry Guehenneuc\" \/>\n<meta property=\"og:url\" content=\"https:\/\/terresetbocages.org\/\" \/>\n<meta property=\"og:site_name\" content=\"Association Terres et bocages\" \/>\n<meta property=\"article:modified_time\" content=\"2023-03-22T20:25:11+00:00\" \/>\n<meta property=\"og:image\" content=\"http:\/\/terresetbocages.org\/wp-content\/uploads\/2017\/05\/APNAvril08-171.jpg\" \/>\n<meta name=\"twitter:card\" content=\"summary_large_image\" \/>\n<meta name=\"twitter:label1\" content=\"Dur\u00e9e de lecture estim\u00e9e\" \/>\n\t<meta name=\"twitter:data1\" content=\"4 minutes\" \/>\n<script type=\"application\/ld+json\" class=\"yoast-schema-graph\">{\"@context\":\"https:\/\/schema.org\",\"@graph\":[{\"@type\":\"WebPage\",\"@id\":\"https:\/\/terresetbocages.org\/\",\"url\":\"https:\/\/terresetbocages.org\/\",\"name\":\"Home &ndash; Association Terres et bocages\",\"isPartOf\":{\"@id\":\"https:\/\/terresetbocages.org\/#website\"},\"datePublished\":\"2020-01-13T11:17:52+00:00\",\"dateModified\":\"2023-03-22T20:25:11+00:00\",\"breadcrumb\":{\"@id\":\"https:\/\/terresetbocages.org\/#breadcrumb\"},\"inLanguage\":\"fr-FR\",\"potentialAction\":[{\"@type\":\"ReadAction\",\"target\":[\"https:\/\/terresetbocages.org\/\"]}]},{\"@type\":\"BreadcrumbList\",\"@id\":\"https:\/\/terresetbocages.org\/#breadcrumb\",\"itemListElement\":[{\"@type\":\"ListItem\",\"position\":1,\"name\":\"Accueil\",\"item\":\"https:\/\/terresetbocages.org\/\"},{\"@type\":\"ListItem\",\"position\":2,\"name\":\"Home\"}]},{\"@type\":\"WebSite\",\"@id\":\"https:\/\/terresetbocages.org\/#website\",\"url\":\"https:\/\/terresetbocages.org\/\",\"name\":\"Association TERRES et BOCAGES\",\"description\":\"R\u00e9unir des agriculteurs pour entretenir et am\u00e9liorer le bocage\",\"publisher\":{\"@id\":\"https:\/\/terresetbocages.org\/#organization\"},\"potentialAction\":[{\"@type\":\"SearchAction\",\"target\":{\"@type\":\"EntryPoint\",\"urlTemplate\":\"https:\/\/terresetbocages.org\/?s={search_term_string}\"},\"query-input\":\"required name=search_term_string\"}],\"inLanguage\":\"fr-FR\"},{\"@type\":\"Organization\",\"@id\":\"https:\/\/terresetbocages.org\/#organization\",\"name\":\"Association TERRES & BOCAGES\",\"url\":\"https:\/\/terresetbocages.org\/\",\"logo\":{\"@type\":\"ImageObject\",\"inLanguage\":\"fr-FR\",\"@id\":\"https:\/\/terresetbocages.org\/#\/schema\/logo\/image\/\",\"url\":\"https:\/\/terresetbocages.org\/wp-content\/uploads\/2017\/05\/Logo_TetB.jpg\",\"contentUrl\":\"https:\/\/terresetbocages.org\/wp-content\/uploads\/2017\/05\/Logo_TetB.jpg\",\"width\":1000,\"height\":542,\"caption\":\"Association TERRES & BOCAGES\"},\"image\":{\"@id\":\"https:\/\/terresetbocages.org\/#\/schema\/logo\/image\/\"}}]}<\/script>\n<!-- \/ Yoast SEO plugin. -->","yoast_head_json":{"title":"Home &ndash; Association Terres et bocages","robots":{"index":"index","follow":"follow","max-snippet":"max-snippet:-1","max-image-preview":"max-image-preview:large","max-video-preview":"max-video-preview:-1"},"canonical":"https:\/\/terresetbocages.org\/","og_locale":"fr_FR","og_type":"article","og_title":"Home &ndash; Association Terres et bocages","og_description":"Planter Renouveler le bocage au travers de chantiers collectifs. Entretenir R\u00e9aliser une taille qualitative et s\u00e9lective des arbres, broyer les r\u00e9manents. Transmettre Partager les savoirs et savoir-faire issus de l&rsquo;exp\u00e9rience Cr\u00e9dits photo : Neven Denis | Thierry Guehenneuc","og_url":"https:\/\/terresetbocages.org\/","og_site_name":"Association Terres et bocages","article_modified_time":"2023-03-22T20:25:11+00:00","og_image":[{"url":"http:\/\/terresetbocages.org\/wp-content\/uploads\/2017\/05\/APNAvril08-171.jpg"}],"twitter_card":"summary_large_image","twitter_misc":{"Dur\u00e9e de lecture estim\u00e9e":"4 minutes"},"schema":{"@context":"https:\/\/schema.org","@graph":[{"@type":"WebPage","@id":"https:\/\/terresetbocages.org\/","url":"https:\/\/terresetbocages.org\/","name":"Home &ndash; Association Terres et bocages","isPartOf":{"@id":"https:\/\/terresetbocages.org\/#website"},"datePublished":"2020-01-13T11:17:52+00:00","dateModified":"2023-03-22T20:25:11+00:00","breadcrumb":{"@id":"https:\/\/terresetbocages.org\/#breadcrumb"},"inLanguage":"fr-FR","potentialAction":[{"@type":"ReadAction","target":["https:\/\/terresetbocages.org\/"]}]},{"@type":"BreadcrumbList","@id":"https:\/\/terresetbocages.org\/#breadcrumb","itemListElement":[{"@type":"ListItem","position":1,"name":"Accueil","item":"https:\/\/terresetbocages.org\/"},{"@type":"ListItem","position":2,"name":"Home"}]},{"@type":"WebSite","@id":"https:\/\/terresetbocages.org\/#website","url":"https:\/\/terresetbocages.org\/","name":"Association TERRES et BOCAGES","description":"R\u00e9unir des agriculteurs pour entretenir et am\u00e9liorer le bocage","publisher":{"@id":"https:\/\/terresetbocages.org\/#organization"},"potentialAction":[{"@type":"SearchAction","target":{"@type":"EntryPoint","urlTemplate":"https:\/\/terresetbocages.org\/?s={search_term_string}"},"query-input":"required name=search_term_string"}],"inLanguage":"fr-FR"},{"@type":"Organization","@id":"https:\/\/terresetbocages.org\/#organization","name":"Association TERRES & BOCAGES","url":"https:\/\/terresetbocages.org\/","logo":{"@type":"ImageObject","inLanguage":"fr-FR","@id":"https:\/\/terresetbocages.org\/#\/schema\/logo\/image\/","url":"https:\/\/terresetbocages.org\/wp-content\/uploads\/2017\/05\/Logo_TetB.jpg","contentUrl":"https:\/\/terresetbocages.org\/wp-content\/uploads\/2017\/05\/Logo_TetB.jpg","width":1000,"height":542,"caption":"Association TERRES & BOCAGES"},"image":{"@id":"https:\/\/terresetbocages.org\/#\/schema\/logo\/image\/"}}]}},"_links":{"self":[{"href":"https:\/\/terresetbocages.org\/index.php\/wp-json\/wp\/v2\/pages\/5"}],"collection":[{"href":"https:\/\/terresetbocages.org\/index.php\/wp-json\/wp\/v2\/pages"}],"about":[{"href":"https:\/\/terresetbocages.org\/index.php\/wp-json\/wp\/v2\/types\/page"}],"author":[{"embeddable":true,"href":"https:\/\/terresetbocages.org\/index.php\/wp-json\/wp\/v2\/users\/1"}],"replies":[{"embeddable":true,"href":"https:\/\/terresetbocages.org\/index.php\/wp-json\/wp\/v2\/comments?post=5"}],"version-history":[{"count":51,"href":"https:\/\/terresetbocages.org\/index.php\/wp-json\/wp\/v2\/pages\/5\/revisions"}],"predecessor-version":[{"id":636,"href":"https:\/\/terresetbocages.org\/index.php\/wp-json\/wp\/v2\/pages\/5\/revisions\/636"}],"wp:attachment":[{"href":"https:\/\/terresetbocages.org\/index.php\/wp-json\/wp\/v2\/media?parent=5"}],"curies":[{"name":"wp","href":"https:\/\/api.w.org\/{rel}","templated":true}]}}