{"id":373,"date":"2023-02-07T10:28:00","date_gmt":"2023-02-07T09:28:00","guid":{"rendered":"https:\/\/terresetbocages.org\/?page_id=373"},"modified":"2025-09-11T20:56:33","modified_gmt":"2025-09-11T18:56:33","slug":"contact","status":"publish","type":"page","link":"https:\/\/terresetbocages.org\/index.php\/contact\/","title":{"rendered":"Contact"},"content":{"rendered":"\n<p><\/p>\n\n\n\n<div id=\"wp-block-themeisle-blocks-advanced-columns-b771fe1a\" class=\"wp-block-themeisle-blocks-advanced-columns alignfull has-1-columns has-desktop-equal-layout has-tablet-equal-layout has-mobile-collapsedRows-layout has-vertical-center ticss-c00aadba\"><div class=\"wp-block-themeisle-blocks-advanced-columns-overlay\"><\/div><div class=\"innerblocks-wrap\">\n<div id=\"wp-block-themeisle-blocks-advanced-column-568cd08a\" class=\"wp-block-themeisle-blocks-advanced-column\">\n<div id=\"wp-block-themeisle-blocks-advanced-columns-7bb1631d\" class=\"wp-block-themeisle-blocks-advanced-columns has-1-columns has-desktop-equal-layout has-tablet-equal-layout has-mobile-equal-layout has-vertical-center\"><div class=\"wp-block-themeisle-blocks-advanced-columns-overlay\"><\/div><div class=\"innerblocks-wrap\">\n<div id=\"wp-block-themeisle-blocks-advanced-column-942a0133\" class=\"wp-block-themeisle-blocks-advanced-column\">\n<h2 id=\"wp-block-themeisle-blocks-advanced-heading-d240ff2a\" class=\"wp-block-themeisle-blocks-advanced-heading wp-block-themeisle-blocks-advanced-heading-d240ff2a\">L&rsquo;\u00e9quipe<\/h2>\n\n\n\n<p>Chaque saison l&rsquo;association mobilise une \u00e9quipe d&rsquo;animateurs de choc anim\u00e9s par le bocage. <\/p>\n<\/div>\n<\/div><\/div>\n\n\n\n<div id=\"wp-block-themeisle-blocks-advanced-columns-be71e345\" class=\"wp-block-themeisle-blocks-advanced-columns has-4-columns has-desktop-equal-layout has-tablet-twoColumnGrid-layout has-mobile-collapsedRows-layout has-vertical-top\"><div class=\"wp-block-themeisle-blocks-advanced-columns-overlay\"><\/div><div class=\"innerblocks-wrap\">\n<div id=\"wp-block-themeisle-blocks-advanced-column-e373838a\" class=\"wp-block-themeisle-blocks-advanced-column\">\n<figure class=\"wp-block-image size-large is-resized is-style-rounded\"><img decoding=\"async\" loading=\"lazy\" src=\"https:\/\/terresetbocages.org\/wp-content\/uploads\/2024\/01\/20231204_145055-768x1024.jpg\" alt=\"\" class=\"wp-image-695\" width=\"174\" height=\"231\" srcset=\"https:\/\/terresetbocages.org\/wp-content\/uploads\/2024\/01\/20231204_145055-768x1024.jpg 768w, https:\/\/terresetbocages.org\/wp-content\/uploads\/2024\/01\/20231204_145055-225x300.jpg 225w, https:\/\/terresetbocages.org\/wp-content\/uploads\/2024\/01\/20231204_145055-1152x1536.jpg 1152w, https:\/\/terresetbocages.org\/wp-content\/uploads\/2024\/01\/20231204_145055-1536x2048.jpg 1536w, https:\/\/terresetbocages.org\/wp-content\/uploads\/2024\/01\/20231204_145055-scaled.jpg 1920w\" sizes=\"(max-width: 174px) 100vw, 174px\" \/><\/figure>\n\n\n\n<h3 id=\"wp-block-themeisle-blocks-advanced-heading-a0f377e3\" class=\"wp-block-themeisle-blocks-advanced-heading wp-block-themeisle-blocks-advanced-heading-a0f377e3\">Antoine Qu\u00e9ro<\/h3>\n\n\n\n<p id=\"wp-block-themeisle-blocks-advanced-heading-22009bd8\" class=\"wp-block-themeisle-blocks-advanced-heading wp-block-themeisle-blocks-advanced-heading-22009bd8\"><\/p>\n\n\n\n<p class=\"has-text-align-left\">Antoine travaille dans le domaine agricole et son d\u00e9veloppement depuis plus de 15 ans. Form\u00e9 en arboriculture fruiti\u00e8re et sylviculture, il poss\u00e8de une bonne connaissance de diff\u00e9rentes productions et syst\u00e8me de production agricole.<\/p>\n<\/div>\n\n\n\n<div id=\"wp-block-themeisle-blocks-advanced-column-956fcf84\" class=\"wp-block-themeisle-blocks-advanced-column\">\n<figure class=\"wp-block-image size-large is-resized is-style-rounded\"><img decoding=\"async\" loading=\"lazy\" src=\"http:\/\/terresetbocages.org\/wp-content\/uploads\/2024\/01\/Screenshot_20231207_181341_Gallery-1-684x1024.jpg\" alt=\"\" class=\"wp-image-697\" width=\"156\" height=\"232\"\/><\/figure>\n\n\n\n<h3 id=\"wp-block-themeisle-blocks-advanced-heading-16fc6df3\" class=\"wp-block-themeisle-blocks-advanced-heading wp-block-themeisle-blocks-advanced-heading-16fc6df3\">Gabriel Juge<\/h3>\n\n\n\n<p id=\"wp-block-themeisle-blocks-advanced-heading-1c8a5fcf\" class=\"wp-block-themeisle-blocks-advanced-heading wp-block-themeisle-blocks-advanced-heading-1c8a5fcf\"><\/p>\n\n\n\n<p class=\"has-text-align-left\">Install\u00e9 mara\u00eecher pendant 8 ans, Gabriel est pass\u00e9 des plantes potag\u00e8res aux arbres, motiv\u00e9 \u00e0 fond par le projet de l&rsquo;association il a int\u00e9gr\u00e9 l&rsquo;\u00e9quipe sur la saison 2023-2024.<\/p>\n<\/div>\n\n\n\n<div id=\"wp-block-themeisle-blocks-advanced-column-7e32a82b\" class=\"wp-block-themeisle-blocks-advanced-column\">\n<figure class=\"wp-block-image size-large is-resized is-style-rounded\"><img decoding=\"async\" loading=\"lazy\" src=\"http:\/\/terresetbocages.org\/wp-content\/uploads\/2023\/04\/Capture-decran-2023-04-27-093520.png\" alt=\"\" class=\"wp-image-680\" width=\"161\" height=\"161\"\/><\/figure>\n\n\n\n<h3 id=\"wp-block-themeisle-blocks-advanced-heading-5cdd08a0\" class=\"wp-block-themeisle-blocks-advanced-heading wp-block-themeisle-blocks-advanced-heading-5cdd08a0\">Thierry Guehenneuc<\/h3>\n\n\n\n<p id=\"wp-block-themeisle-blocks-advanced-heading-a4688a0d\" class=\"wp-block-themeisle-blocks-advanced-heading wp-block-themeisle-blocks-advanced-heading-a4688a0d\"><\/p>\n\n\n\n<p class=\"has-text-align-left\">Animateur et sylviculteur travaillant depuis plus de 20 ans dans le cadre d&rsquo;actions collectives agricoles. Thierry est un des membres fondateurs de l&rsquo;association.<\/p>\n<\/div>\n\n\n\n<div id=\"wp-block-themeisle-blocks-advanced-column-47c7b5bd\" class=\"wp-block-themeisle-blocks-advanced-column\">\n<figure class=\"wp-block-image size-large is-resized is-style-rounded\"><img decoding=\"async\" loading=\"lazy\" src=\"https:\/\/terresetbocages.org\/wp-content\/uploads\/2024\/01\/Capture-decran-2023-02-06-a-09.37.10-1024x942.png\" alt=\"\" class=\"wp-image-700\" width=\"161\" height=\"148\" srcset=\"https:\/\/terresetbocages.org\/wp-content\/uploads\/2024\/01\/Capture-decran-2023-02-06-a-09.37.10-1024x942.png 1024w, https:\/\/terresetbocages.org\/wp-content\/uploads\/2024\/01\/Capture-decran-2023-02-06-a-09.37.10-300x276.png 300w, https:\/\/terresetbocages.org\/wp-content\/uploads\/2024\/01\/Capture-decran-2023-02-06-a-09.37.10-768x706.png 768w, https:\/\/terresetbocages.org\/wp-content\/uploads\/2024\/01\/Capture-decran-2023-02-06-a-09.37.10-1536x1412.png 1536w, https:\/\/terresetbocages.org\/wp-content\/uploads\/2024\/01\/Capture-decran-2023-02-06-a-09.37.10.png 1566w\" sizes=\"(max-width: 161px) 100vw, 161px\" \/><\/figure>\n\n\n\n<h3 id=\"wp-block-themeisle-blocks-advanced-heading-d67c0dbf\" class=\"wp-block-themeisle-blocks-advanced-heading wp-block-themeisle-blocks-advanced-heading-d67c0dbf\">Thomas Weinans<\/h3>\n\n\n\n<p id=\"wp-block-themeisle-blocks-advanced-heading-ab27dee0\" class=\"wp-block-themeisle-blocks-advanced-heading wp-block-themeisle-blocks-advanced-heading-ab27dee0\"><\/p>\n\n\n\n<p class=\"has-text-align-left\">Thomas a longtemps fait les saisons avec Terres et bocages. Fort de son exp\u00e9rience et d\u00e9sormais ancr\u00e9 en Loire Atlantique, il ouvre la possibilit\u00e9 aux agriculteurs du secteur de choisir de travailler avec l&rsquo;association. <\/p>\n<\/div>\n<\/div><\/div>\n<\/div>\n<\/div><\/div>\n\n\n\n<div class=\"is-layout-constrained wp-block-group alignfull\"><div class=\"wp-block-group__inner-container\">\n<div id=\"wp-block-themeisle-blocks-advanced-columns-86845165\" class=\"wp-block-themeisle-blocks-advanced-columns alignfull has-2-columns has-desktop-equal-layout has-tablet-equal-layout has-mobile-collapsedRows-layout has-vertical-top\"><div class=\"wp-block-themeisle-blocks-advanced-columns-overlay\"><\/div><div class=\"innerblocks-wrap\">\n<div id=\"wp-block-themeisle-blocks-advanced-column-a586ec67\" class=\"wp-block-themeisle-blocks-advanced-column\"><div class=\"wp-block-image\">\n<figure class=\"aligncenter size-full is-resized\"><img decoding=\"async\" loading=\"lazy\" src=\"http:\/\/terresetbocages.org\/wp-content\/uploads\/2021\/06\/phone-sm.png\" alt=\"\" class=\"wp-image-304\" width=\"65\" height=\"65\"\/><\/figure><\/div>\n\n\n<div style=\"height:33px\" aria-hidden=\"true\" class=\"wp-block-spacer\"><\/div>\n\n\n\n<h3 id=\"wp-block-themeisle-blocks-advanced-heading-097e987c\" class=\"wp-block-themeisle-blocks-advanced-heading wp-block-themeisle-blocks-advanced-heading-097e987c\">Nous appeler<\/h3>\n\n\n\n<p id=\"wp-block-themeisle-blocks-advanced-heading-b9750e24\" class=\"wp-block-themeisle-blocks-advanced-heading wp-block-themeisle-blocks-advanced-heading-b9750e24\">06.99.12.11.57<\/p>\n<\/div>\n\n\n\n<div id=\"wp-block-themeisle-blocks-advanced-column-3311cfd9\" class=\"wp-block-themeisle-blocks-advanced-column\"><div class=\"wp-block-image\">\n<figure class=\"aligncenter size-full is-resized\"><img decoding=\"async\" loading=\"lazy\" src=\"http:\/\/terresetbocages.org\/wp-content\/uploads\/2021\/06\/email-sm.png\" alt=\"\" class=\"wp-image-313\" width=\"65\" height=\"65\"\/><\/figure><\/div>\n\n\n<div style=\"height:33px\" aria-hidden=\"true\" class=\"wp-block-spacer\"><\/div>\n\n\n\n<h3 id=\"wp-block-themeisle-blocks-advanced-heading-70ffa1be\" class=\"wp-block-themeisle-blocks-advanced-heading wp-block-themeisle-blocks-advanced-heading-70ffa1be\">Nous \u00e9crire<\/h3>\n\n\n\n<p class=\"has-text-align-center has-medium-font-size\">55 la Roche, 22510 Tr\u00e9daniel<\/p>\n\n\n\n<p id=\"wp-block-themeisle-blocks-advanced-heading-f7b297f4\" class=\"wp-block-themeisle-blocks-advanced-heading wp-block-themeisle-blocks-advanced-heading-f7b297f4\"><a href=\"mailto:terresetbocages@gmail.com\">terresetbocages@gmail.com<\/a><\/p>\n<\/div>\n<\/div><\/div>\n<\/div><\/div>\n\n\n\n<hr class=\"wp-block-separator has-alpha-channel-opacity\"\/>\n\n\n\n<div id=\"wp-block-themeisle-blocks-advanced-columns-d87d87fb\" class=\"wp-block-themeisle-blocks-advanced-columns alignfull has-2-columns has-desktop-equal-layout has-tablet-equal-layout has-mobile-collapsedRows-layout has-vertical-center ticss-c00aadba\"><div class=\"wp-block-themeisle-blocks-advanced-columns-overlay\"><\/div><div class=\"innerblocks-wrap\">\n<div id=\"wp-block-themeisle-blocks-advanced-column-60dad16e\" class=\"wp-block-themeisle-blocks-advanced-column\">\n<div id=\"wp-block-themeisle-blocks-advanced-columns-d2e20cf0\" class=\"wp-block-themeisle-blocks-advanced-columns has-1-columns has-desktop-equal-layout has-tablet-equal-layout has-mobile-equal-layout has-vertical-center\"><div class=\"wp-block-themeisle-blocks-advanced-columns-overlay\"><\/div><div class=\"innerblocks-wrap\">\n<div id=\"wp-block-themeisle-blocks-advanced-column-05d18d48\" class=\"wp-block-themeisle-blocks-advanced-column\">\n<h2 id=\"wp-block-themeisle-blocks-advanced-heading-a0f1691e\" class=\"wp-block-themeisle-blocks-advanced-heading wp-block-themeisle-blocks-advanced-heading-a0f1691e\">Visages de l&rsquo;association<\/h2>\n\n\n\n<p class=\"has-medium-font-size\">Les membres du conseil d&rsquo;administration en 2024 :<\/p>\n\n\n\n<ul style=\"font-size:17px\">\n<li>Pierre Chenu, \u00e9leveur de bovins lait \u00e0 Yvignac-la-tour (22)<\/li>\n\n\n\n<li>Ivan Gicquel, \u00e9leveur de bovins lait au Cambout (22)<\/li>\n\n\n\n<li>Camille Monnier, salari\u00e9e agricole<\/li>\n\n\n\n<li>Guillaume Robin, \u00e9leveur de bovins lait \u00e0 M\u00fbr-de-Bretagne (22)<\/li>\n\n\n\n<li>Dominique Simon, retrait\u00e9 agricole<\/li>\n\n\n\n<li>Madeleine Valo, \u00e9leveuse de bovins lait \u00e0 Tr\u00e9daniel (22)<\/li>\n<\/ul>\n<\/div>\n<\/div><\/div>\n<\/div>\n\n\n\n<div id=\"wp-block-themeisle-blocks-advanced-column-3bda215c\" class=\"wp-block-themeisle-blocks-advanced-column\">\n<figure class=\"wp-block-image size-large\"><img decoding=\"async\" loading=\"lazy\" width=\"1024\" height=\"768\" src=\"https:\/\/terresetbocages.org\/wp-content\/uploads\/2024\/12\/Photo_groupe_Bilan_AG2024-1024x768.jpg\" alt=\"\" class=\"wp-image-714\" srcset=\"https:\/\/terresetbocages.org\/wp-content\/uploads\/2024\/12\/Photo_groupe_Bilan_AG2024-1024x768.jpg 1024w, https:\/\/terresetbocages.org\/wp-content\/uploads\/2024\/12\/Photo_groupe_Bilan_AG2024-300x225.jpg 300w, https:\/\/terresetbocages.org\/wp-content\/uploads\/2024\/12\/Photo_groupe_Bilan_AG2024-768x576.jpg 768w, https:\/\/terresetbocages.org\/wp-content\/uploads\/2024\/12\/Photo_groupe_Bilan_AG2024-1536x1152.jpg 1536w, https:\/\/terresetbocages.org\/wp-content\/uploads\/2024\/12\/Photo_groupe_Bilan_AG2024-2048x1536.jpg 2048w\" sizes=\"(max-width: 1024px) 100vw, 1024px\" \/><figcaption class=\"wp-element-caption\">Adh\u00e9rents et membres du CA \u00e0 l&rsquo;AG 2024<\/figcaption><\/figure>\n<\/div>\n<\/div><\/div>\n","protected":false},"excerpt":{"rendered":"","protected":false},"author":1,"featured_media":0,"parent":0,"menu_order":0,"comment_status":"closed","ping_status":"closed","template":"","meta":{"neve_meta_sidebar":"","neve_meta_container":"","neve_meta_enable_content_width":"","neve_meta_content_width":0,"neve_meta_title_alignment":"","neve_meta_author_avatar":"","neve_post_elements_order":"","neve_meta_disable_header":"","neve_meta_disable_footer":"","neve_meta_disable_title":"","_themeisle_gutenberg_block_has_review":false,"_ti_tpc_template_sync":false,"_ti_tpc_template_id":""},"yoast_head":"<!-- This site is optimized with the Yoast SEO plugin v19.11 - https:\/\/yoast.com\/wordpress\/plugins\/seo\/ -->\n<title>Contact &ndash; Association Terres et bocages<\/title>\n<meta name=\"description\" content=\"Contactez nous par mail ou t\u00e9l\u00e9phone, d\u00e9couvrez les membres de l&#039;\u00e9quipe qui \u0153uvrent chaque saison pour rendre possible le projet de l&#039;asso.\" \/>\n<meta name=\"robots\" content=\"index, follow, max-snippet:-1, max-image-preview:large, max-video-preview:-1\" \/>\n<link rel=\"canonical\" href=\"http:\/\/terresetbocages.org\/index.php\/contact\/\" \/>\n<meta property=\"og:locale\" content=\"fr_FR\" \/>\n<meta property=\"og:type\" content=\"article\" \/>\n<meta property=\"og:title\" content=\"Contact &ndash; Association Terres et bocages\" \/>\n<meta property=\"og:description\" content=\"Contactez nous par mail ou t\u00e9l\u00e9phone, d\u00e9couvrez les membres de l&#039;\u00e9quipe qui \u0153uvrent chaque saison pour rendre possible le projet de l&#039;asso.\" \/>\n<meta property=\"og:url\" content=\"http:\/\/terresetbocages.org\/index.php\/contact\/\" \/>\n<meta property=\"og:site_name\" content=\"Association Terres et bocages\" \/>\n<meta property=\"article:modified_time\" content=\"2025-09-11T18:56:33+00:00\" \/>\n<meta property=\"og:image\" content=\"https:\/\/terresetbocages.org\/wp-content\/uploads\/2024\/01\/20231204_145055-768x1024.jpg\" \/>\n<meta name=\"twitter:card\" content=\"summary_large_image\" \/>\n<meta name=\"twitter:label1\" content=\"Dur\u00e9e de lecture estim\u00e9e\" \/>\n\t<meta name=\"twitter:data1\" content=\"3 minutes\" \/>\n<script type=\"application\/ld+json\" class=\"yoast-schema-graph\">{\"@context\":\"https:\/\/schema.org\",\"@graph\":[{\"@type\":\"WebPage\",\"@id\":\"http:\/\/terresetbocages.org\/index.php\/contact\/\",\"url\":\"http:\/\/terresetbocages.org\/index.php\/contact\/\",\"name\":\"Contact &ndash; Association Terres et bocages\",\"isPartOf\":{\"@id\":\"https:\/\/terresetbocages.org\/#website\"},\"datePublished\":\"2023-02-07T09:28:00+00:00\",\"dateModified\":\"2025-09-11T18:56:33+00:00\",\"description\":\"Contactez nous par mail ou t\u00e9l\u00e9phone, d\u00e9couvrez les membres de l'\u00e9quipe qui \u0153uvrent chaque saison pour rendre possible le projet de l'asso.\",\"breadcrumb\":{\"@id\":\"http:\/\/terresetbocages.org\/index.php\/contact\/#breadcrumb\"},\"inLanguage\":\"fr-FR\",\"potentialAction\":[{\"@type\":\"ReadAction\",\"target\":[\"http:\/\/terresetbocages.org\/index.php\/contact\/\"]}]},{\"@type\":\"BreadcrumbList\",\"@id\":\"http:\/\/terresetbocages.org\/index.php\/contact\/#breadcrumb\",\"itemListElement\":[{\"@type\":\"ListItem\",\"position\":1,\"name\":\"Accueil\",\"item\":\"https:\/\/terresetbocages.org\/\"},{\"@type\":\"ListItem\",\"position\":2,\"name\":\"Contact\"}]},{\"@type\":\"WebSite\",\"@id\":\"https:\/\/terresetbocages.org\/#website\",\"url\":\"https:\/\/terresetbocages.org\/\",\"name\":\"Association TERRES et BOCAGES\",\"description\":\"R\u00e9unir des agriculteurs pour entretenir et am\u00e9liorer le bocage\",\"publisher\":{\"@id\":\"https:\/\/terresetbocages.org\/#organization\"},\"potentialAction\":[{\"@type\":\"SearchAction\",\"target\":{\"@type\":\"EntryPoint\",\"urlTemplate\":\"https:\/\/terresetbocages.org\/?s={search_term_string}\"},\"query-input\":\"required name=search_term_string\"}],\"inLanguage\":\"fr-FR\"},{\"@type\":\"Organization\",\"@id\":\"https:\/\/terresetbocages.org\/#organization\",\"name\":\"Association TERRES & BOCAGES\",\"url\":\"https:\/\/terresetbocages.org\/\",\"logo\":{\"@type\":\"ImageObject\",\"inLanguage\":\"fr-FR\",\"@id\":\"https:\/\/terresetbocages.org\/#\/schema\/logo\/image\/\",\"url\":\"https:\/\/terresetbocages.org\/wp-content\/uploads\/2017\/05\/Logo_TetB.jpg\",\"contentUrl\":\"https:\/\/terresetbocages.org\/wp-content\/uploads\/2017\/05\/Logo_TetB.jpg\",\"width\":1000,\"height\":542,\"caption\":\"Association TERRES & BOCAGES\"},\"image\":{\"@id\":\"https:\/\/terresetbocages.org\/#\/schema\/logo\/image\/\"}}]}<\/script>\n<!-- \/ Yoast SEO plugin. -->","yoast_head_json":{"title":"Contact &ndash; Association Terres et bocages","description":"Contactez nous par mail ou t\u00e9l\u00e9phone, d\u00e9couvrez les membres de l'\u00e9quipe qui \u0153uvrent chaque saison pour rendre possible le projet de l'asso.","robots":{"index":"index","follow":"follow","max-snippet":"max-snippet:-1","max-image-preview":"max-image-preview:large","max-video-preview":"max-video-preview:-1"},"canonical":"http:\/\/terresetbocages.org\/index.php\/contact\/","og_locale":"fr_FR","og_type":"article","og_title":"Contact &ndash; Association Terres et bocages","og_description":"Contactez nous par mail ou t\u00e9l\u00e9phone, d\u00e9couvrez les membres de l'\u00e9quipe qui \u0153uvrent chaque saison pour rendre possible le projet de l'asso.","og_url":"http:\/\/terresetbocages.org\/index.php\/contact\/","og_site_name":"Association Terres et bocages","article_modified_time":"2025-09-11T18:56:33+00:00","og_image":[{"url":"https:\/\/terresetbocages.org\/wp-content\/uploads\/2024\/01\/20231204_145055-768x1024.jpg"}],"twitter_card":"summary_large_image","twitter_misc":{"Dur\u00e9e de lecture estim\u00e9e":"3 minutes"},"schema":{"@context":"https:\/\/schema.org","@graph":[{"@type":"WebPage","@id":"http:\/\/terresetbocages.org\/index.php\/contact\/","url":"http:\/\/terresetbocages.org\/index.php\/contact\/","name":"Contact &ndash; Association Terres et bocages","isPartOf":{"@id":"https:\/\/terresetbocages.org\/#website"},"datePublished":"2023-02-07T09:28:00+00:00","dateModified":"2025-09-11T18:56:33+00:00","description":"Contactez nous par mail ou t\u00e9l\u00e9phone, d\u00e9couvrez les membres de l'\u00e9quipe qui \u0153uvrent chaque saison pour rendre possible le projet de l'asso.","breadcrumb":{"@id":"http:\/\/terresetbocages.org\/index.php\/contact\/#breadcrumb"},"inLanguage":"fr-FR","potentialAction":[{"@type":"ReadAction","target":["http:\/\/terresetbocages.org\/index.php\/contact\/"]}]},{"@type":"BreadcrumbList","@id":"http:\/\/terresetbocages.org\/index.php\/contact\/#breadcrumb","itemListElement":[{"@type":"ListItem","position":1,"name":"Accueil","item":"https:\/\/terresetbocages.org\/"},{"@type":"ListItem","position":2,"name":"Contact"}]},{"@type":"WebSite","@id":"https:\/\/terresetbocages.org\/#website","url":"https:\/\/terresetbocages.org\/","name":"Association TERRES et BOCAGES","description":"R\u00e9unir des agriculteurs pour entretenir et am\u00e9liorer le bocage","publisher":{"@id":"https:\/\/terresetbocages.org\/#organization"},"potentialAction":[{"@type":"SearchAction","target":{"@type":"EntryPoint","urlTemplate":"https:\/\/terresetbocages.org\/?s={search_term_string}"},"query-input":"required name=search_term_string"}],"inLanguage":"fr-FR"},{"@type":"Organization","@id":"https:\/\/terresetbocages.org\/#organization","name":"Association TERRES & BOCAGES","url":"https:\/\/terresetbocages.org\/","logo":{"@type":"ImageObject","inLanguage":"fr-FR","@id":"https:\/\/terresetbocages.org\/#\/schema\/logo\/image\/","url":"https:\/\/terresetbocages.org\/wp-content\/uploads\/2017\/05\/Logo_TetB.jpg","contentUrl":"https:\/\/terresetbocages.org\/wp-content\/uploads\/2017\/05\/Logo_TetB.jpg","width":1000,"height":542,"caption":"Association TERRES & BOCAGES"},"image":{"@id":"https:\/\/terresetbocages.org\/#\/schema\/logo\/image\/"}}]}},"_links":{"self":[{"href":"https:\/\/terresetbocages.org\/index.php\/wp-json\/wp\/v2\/pages\/373"}],"collection":[{"href":"https:\/\/terresetbocages.org\/index.php\/wp-json\/wp\/v2\/pages"}],"about":[{"href":"https:\/\/terresetbocages.org\/index.php\/wp-json\/wp\/v2\/types\/page"}],"author":[{"embeddable":true,"href":"https:\/\/terresetbocages.org\/index.php\/wp-json\/wp\/v2\/users\/1"}],"replies":[{"embeddable":true,"href":"https:\/\/terresetbocages.org\/index.php\/wp-json\/wp\/v2\/comments?post=373"}],"version-history":[{"count":23,"href":"https:\/\/terresetbocages.org\/index.php\/wp-json\/wp\/v2\/pages\/373\/revisions"}],"predecessor-version":[{"id":719,"href":"https:\/\/terresetbocages.org\/index.php\/wp-json\/wp\/v2\/pages\/373\/revisions\/719"}],"wp:attachment":[{"href":"https:\/\/terresetbocages.org\/index.php\/wp-json\/wp\/v2\/media?parent=373"}],"curies":[{"name":"wp","href":"https:\/\/api.w.org\/{rel}","templated":true}]}}