{"id":371,"date":"2023-02-07T10:28:00","date_gmt":"2023-02-07T09:28:00","guid":{"rendered":"https:\/\/terresetbocages.org\/?page_id=371"},"modified":"2025-11-18T21:38:31","modified_gmt":"2025-11-18T20:38:31","slug":"adherer-2","status":"publish","type":"page","link":"https:\/\/terresetbocages.org\/index.php\/adherer-2\/","title":{"rendered":"Adh\u00e9rer"},"content":{"rendered":"\n<div id=\"wp-block-themeisle-blocks-advanced-columns-784450ff\" class=\"wp-block-themeisle-blocks-advanced-columns alignfull has-1-columns has-desktop-equal-layout has-tablet-equal-layout has-mobile-collapsedRows-layout has-vertical-center ticss-c00aadba\"><div class=\"wp-block-themeisle-blocks-advanced-columns-overlay\"><\/div><div class=\"innerblocks-wrap\">\n<div id=\"wp-block-themeisle-blocks-advanced-column-d0fbfc0a\" class=\"wp-block-themeisle-blocks-advanced-column\">\n<div id=\"wp-block-themeisle-blocks-advanced-columns-f32a2609\" class=\"wp-block-themeisle-blocks-advanced-columns has-1-columns has-desktop-equal-layout has-tablet-equal-layout has-mobile-equal-layout has-vertical-center\"><div class=\"wp-block-themeisle-blocks-advanced-columns-overlay\"><\/div><div class=\"innerblocks-wrap\">\n<div id=\"wp-block-themeisle-blocks-advanced-column-3567d86b\" class=\"wp-block-themeisle-blocks-advanced-column\">\n<div class=\"is-layout-flex wp-container-10 wp-block-columns\">\n<div class=\"is-layout-flow wp-block-column\" style=\"flex-basis:100%\">\n<div class=\"is-layout-constrained wp-block-group\"><div class=\"wp-block-group__inner-container\">\n<div class=\"is-layout-flex wp-container-7 wp-block-columns\">\n<div class=\"is-layout-flow wp-block-column\" style=\"flex-basis:100%\">\n<div id=\"wp-block-themeisle-blocks-advanced-columns-86845165\" class=\"wp-block-themeisle-blocks-advanced-columns alignfull has-1-columns has-desktop-equal-layout has-tablet-equal-layout has-mobile-equal-layout has-vertical-center\"><div class=\"wp-block-themeisle-blocks-advanced-columns-overlay\"><\/div><div class=\"innerblocks-wrap\">\n<div id=\"wp-block-themeisle-blocks-advanced-column-6a8afb6c\" class=\"wp-block-themeisle-blocks-advanced-column\">\n<h2 class=\"has-nv-dark-bg-color has-text-color has-background\" style=\"background-color:#99a855\">Vous \u00eates :<\/h2>\n<\/div>\n<\/div><\/div>\n\n\n\n<div class=\"is-layout-flex wp-container-5 wp-block-columns\">\n<div class=\"is-layout-flow wp-block-column\" style=\"flex-basis:33.34%\">\n<div class=\"is-layout-constrained wp-block-group\"><div class=\"wp-block-group__inner-container\">\n<h3>Agriculteur, agricultrice<\/h3>\n<\/div><\/div>\n\n\n\n<p class=\"has-medium-font-size\">Porteur ou porteuse de projet \u00e0 l&rsquo;installation, install\u00e9 en polyculture \u00e9levage, en mara\u00eechage ou grandes cultures, en conventionnel ou en bio&#8230;<\/p>\n\n\n\n<figure class=\"wp-block-image size-full is-resized\"><img decoding=\"async\" loading=\"lazy\" src=\"http:\/\/terresetbocages.org\/wp-content\/uploads\/2023\/02\/farmer.png\" alt=\"\" class=\"wp-image-441\" width=\"88\" height=\"88\" srcset=\"https:\/\/terresetbocages.org\/wp-content\/uploads\/2023\/02\/farmer.png 512w, https:\/\/terresetbocages.org\/wp-content\/uploads\/2023\/02\/farmer-300x300.png 300w, https:\/\/terresetbocages.org\/wp-content\/uploads\/2023\/02\/farmer-150x150.png 150w\" sizes=\"(max-width: 88px) 100vw, 88px\" \/><\/figure>\n<\/div>\n\n\n\n<div class=\"is-layout-flow wp-block-column\" style=\"flex-basis:33.34%\">\n<h3>Un particulier<\/h3>\n\n\n\n<p class=\"has-medium-font-size\">Vous avez un peu de terrain, vous souhaitez planter chez vous ou participer \u00e0 des chantiers collectifs, ou vous \u00eates tout simplement sensible \u00e0 l&rsquo;arbre et aux paysages&#8230;<\/p>\n\n\n\n<figure class=\"wp-block-image size-full is-resized\"><img decoding=\"async\" loading=\"lazy\" src=\"http:\/\/terresetbocages.org\/wp-content\/uploads\/2023\/02\/user.png\" alt=\"\" class=\"wp-image-442\" width=\"63\" height=\"63\" srcset=\"https:\/\/terresetbocages.org\/wp-content\/uploads\/2023\/02\/user.png 512w, https:\/\/terresetbocages.org\/wp-content\/uploads\/2023\/02\/user-300x300.png 300w, https:\/\/terresetbocages.org\/wp-content\/uploads\/2023\/02\/user-150x150.png 150w\" sizes=\"(max-width: 63px) 100vw, 63px\" \/><\/figure>\n<\/div>\n\n\n\n<div class=\"is-layout-flow wp-block-column\" style=\"flex-basis:33.33%\">\n<h3>Une collectivit\u00e9<\/h3>\n\n\n\n<p class=\"has-medium-font-size\">Vous repr\u00e9sentez une commune ou une collectivit\u00e9 qui a du bocage \u00e0 entretenir, ou qui souhaite simplement soutenir les actions de l&rsquo;association&#8230;<\/p>\n\n\n\n<figure class=\"wp-block-image size-full is-resized\"><img decoding=\"async\" loading=\"lazy\" src=\"http:\/\/terresetbocages.org\/wp-content\/uploads\/2023\/02\/houses-e1675802965475.png\" alt=\"\" class=\"wp-image-443\" width=\"107\" height=\"75\" srcset=\"https:\/\/terresetbocages.org\/wp-content\/uploads\/2023\/02\/houses-e1675802965475.png 512w, https:\/\/terresetbocages.org\/wp-content\/uploads\/2023\/02\/houses-e1675802965475-300x213.png 300w\" sizes=\"(max-width: 107px) 100vw, 107px\" \/><\/figure>\n<\/div>\n<\/div>\n<\/div>\n<\/div>\n<\/div><\/div>\n<\/div>\n<\/div>\n<\/div>\n<\/div><\/div>\n\n\n\n<div id=\"wp-block-themeisle-blocks-advanced-columns-8085ff1f\" class=\"wp-block-themeisle-blocks-advanced-columns has-1-columns has-desktop-equal-layout has-tablet-equal-layout has-mobile-collapsedRows-layout has-vertical-top\"><div class=\"wp-block-themeisle-blocks-advanced-columns-overlay\"><\/div><div class=\"innerblocks-wrap\">\n<div id=\"wp-block-themeisle-blocks-advanced-column-dfb15c39\" class=\"wp-block-themeisle-blocks-advanced-column\">\n<h2 id=\"wp-block-themeisle-blocks-advanced-heading-3147d135\" class=\"wp-block-themeisle-blocks-advanced-heading wp-block-themeisle-blocks-advanced-heading-3147d135\">Une adh\u00e9sion possible pour tous<\/h2>\n\n\n\n<p class=\"has-text-align-center has-nv-text-dark-bg-color has-text-color has-medium-font-size\">Quelle que soit votre situation, vous pouvez soutenir l&rsquo;association au travers d&rsquo;une adh\u00e9sion ou d&rsquo;un don.<\/p>\n\n\n\n<div class=\"is-vertical is-content-justification-center is-layout-flex wp-container-11 wp-block-buttons\">\n<div class=\"wp-block-button\"><a class=\"wp-block-button__link wp-element-button\" href=\"https:\/\/www.helloasso.com\/associations\/terres-et-bocages\">Adh\u00e9rer en ligne<\/a><\/div>\n<\/div>\n<\/div>\n<\/div><\/div>\n<\/div>\n<\/div><\/div>\n\n\n\n<div id=\"wp-block-themeisle-blocks-advanced-columns-a2946a77\" class=\"wp-block-themeisle-blocks-advanced-columns alignfull has-2-columns has-desktop-equal-layout has-tablet-equal-layout has-mobile-collapsedRows-layout has-vertical-center ticss-a2946a77\"><div class=\"wp-block-themeisle-blocks-advanced-columns-overlay\"><\/div><div class=\"innerblocks-wrap\">\n<div id=\"wp-block-themeisle-blocks-advanced-column-bbddf55b\" class=\"wp-block-themeisle-blocks-advanced-column\"><div class=\"wp-block-image\">\n<figure class=\"aligncenter size-large is-resized\"><img decoding=\"async\" loading=\"lazy\" src=\"http:\/\/terresetbocages.org\/wp-content\/uploads\/2023\/02\/Capture-decran-2023-02-06-a-09.36.03-1024x576.png\" alt=\"\" class=\"wp-image-431\" width=\"569\" height=\"320\" srcset=\"https:\/\/terresetbocages.org\/wp-content\/uploads\/2023\/02\/Capture-decran-2023-02-06-a-09.36.03-1024x576.png 1024w, https:\/\/terresetbocages.org\/wp-content\/uploads\/2023\/02\/Capture-decran-2023-02-06-a-09.36.03-300x169.png 300w, https:\/\/terresetbocages.org\/wp-content\/uploads\/2023\/02\/Capture-decran-2023-02-06-a-09.36.03-768x432.png 768w, https:\/\/terresetbocages.org\/wp-content\/uploads\/2023\/02\/Capture-decran-2023-02-06-a-09.36.03-1536x864.png 1536w, https:\/\/terresetbocages.org\/wp-content\/uploads\/2023\/02\/Capture-decran-2023-02-06-a-09.36.03-2048x1152.png 2048w\" sizes=\"(max-width: 569px) 100vw, 569px\" \/><\/figure><\/div><\/div>\n\n\n\n<div id=\"wp-block-themeisle-blocks-advanced-column-92b2db05\" class=\"wp-block-themeisle-blocks-advanced-column\">\n<p id=\"wp-block-themeisle-blocks-advanced-heading-82f63cc5\" class=\"wp-block-themeisle-blocks-advanced-heading wp-block-themeisle-blocks-advanced-heading-82f63cc5\"><\/p>\n\n\n\n<h2 id=\"wp-block-themeisle-blocks-advanced-heading-8f1f2647\" class=\"wp-block-themeisle-blocks-advanced-heading wp-block-themeisle-blocks-advanced-heading-8f1f2647\">Quel financement pour nos actions?<\/h2>\n\n\n\n<ul class=\"has-medium-font-size\">\n<li><strong>60% en autofinancement<\/strong> (adh\u00e9sions et factures pour plants et\/ou main d\u2019\u0153uvre) : chaque adh\u00e9rent paye en proportion des services mutualis\u00e9s qu&rsquo;il a utilis\u00e9s sur l&rsquo;ann\u00e9e, par exemple : plantation d&rsquo;1 km de haie, l&rsquo;association facture les plants et la main d\u2019\u0153uvre.<\/li>\n\n\n\n<li><strong>40% en subventions publiques et m\u00e9c\u00e9nat priv\u00e9<\/strong> permettant de financer l&rsquo;organisation collective, le conseil \u00e0 l&rsquo;implantation, et les formations-actions. <\/li>\n<\/ul>\n<\/div>\n<\/div><\/div>\n\n\n\n<div id=\"wp-block-themeisle-blocks-advanced-columns-3815e454\" class=\"wp-block-themeisle-blocks-advanced-columns has-2-columns has-desktop-oneTwo-layout has-tablet-equal-layout has-mobile-collapsedRows-layout has-vertical-unset\"><div class=\"wp-block-themeisle-blocks-advanced-columns-overlay\"><\/div><div class=\"innerblocks-wrap\">\n<div id=\"wp-block-themeisle-blocks-advanced-column-c9ebaac9\" class=\"wp-block-themeisle-blocks-advanced-column\"><\/div>\n\n\n\n<div id=\"wp-block-themeisle-blocks-advanced-column-9484a569\" class=\"wp-block-themeisle-blocks-advanced-column\">\n<p><\/p>\n<\/div>\n<\/div><\/div>\n","protected":false},"excerpt":{"rendered":"","protected":false},"author":1,"featured_media":0,"parent":0,"menu_order":0,"comment_status":"closed","ping_status":"closed","template":"","meta":{"neve_meta_sidebar":"","neve_meta_container":"","neve_meta_enable_content_width":"","neve_meta_content_width":0,"neve_meta_title_alignment":"","neve_meta_author_avatar":"","neve_post_elements_order":"","neve_meta_disable_header":"","neve_meta_disable_footer":"","neve_meta_disable_title":"","_themeisle_gutenberg_block_has_review":false,"_ti_tpc_template_sync":false,"_ti_tpc_template_id":""},"yoast_head":"<!-- This site is optimized with the Yoast SEO plugin v19.11 - https:\/\/yoast.com\/wordpress\/plugins\/seo\/ -->\n<title>Adh\u00e9rer &ndash; Association Terres et bocages<\/title>\n<meta name=\"robots\" content=\"index, follow, max-snippet:-1, max-image-preview:large, max-video-preview:-1\" \/>\n<link rel=\"canonical\" href=\"https:\/\/terresetbocages.org\/index.php\/adherer-2\/\" \/>\n<meta property=\"og:locale\" content=\"fr_FR\" \/>\n<meta property=\"og:type\" content=\"article\" \/>\n<meta property=\"og:title\" content=\"Adh\u00e9rer &ndash; Association Terres et bocages\" \/>\n<meta property=\"og:url\" content=\"https:\/\/terresetbocages.org\/index.php\/adherer-2\/\" \/>\n<meta property=\"og:site_name\" content=\"Association Terres et bocages\" \/>\n<meta property=\"article:modified_time\" content=\"2025-11-18T20:38:31+00:00\" \/>\n<meta property=\"og:image\" content=\"http:\/\/terresetbocages.org\/wp-content\/uploads\/2023\/02\/farmer.png\" \/>\n<meta name=\"twitter:card\" content=\"summary_large_image\" \/>\n<meta name=\"twitter:label1\" content=\"Dur\u00e9e de lecture estim\u00e9e\" \/>\n\t<meta name=\"twitter:data1\" content=\"2 minutes\" \/>\n<script type=\"application\/ld+json\" class=\"yoast-schema-graph\">{\"@context\":\"https:\/\/schema.org\",\"@graph\":[{\"@type\":\"WebPage\",\"@id\":\"https:\/\/terresetbocages.org\/index.php\/adherer-2\/\",\"url\":\"https:\/\/terresetbocages.org\/index.php\/adherer-2\/\",\"name\":\"Adh\u00e9rer &ndash; Association Terres et bocages\",\"isPartOf\":{\"@id\":\"https:\/\/terresetbocages.org\/#website\"},\"datePublished\":\"2023-02-07T09:28:00+00:00\",\"dateModified\":\"2025-11-18T20:38:31+00:00\",\"breadcrumb\":{\"@id\":\"https:\/\/terresetbocages.org\/index.php\/adherer-2\/#breadcrumb\"},\"inLanguage\":\"fr-FR\",\"potentialAction\":[{\"@type\":\"ReadAction\",\"target\":[\"https:\/\/terresetbocages.org\/index.php\/adherer-2\/\"]}]},{\"@type\":\"BreadcrumbList\",\"@id\":\"https:\/\/terresetbocages.org\/index.php\/adherer-2\/#breadcrumb\",\"itemListElement\":[{\"@type\":\"ListItem\",\"position\":1,\"name\":\"Accueil\",\"item\":\"https:\/\/terresetbocages.org\/\"},{\"@type\":\"ListItem\",\"position\":2,\"name\":\"Adh\u00e9rer\"}]},{\"@type\":\"WebSite\",\"@id\":\"https:\/\/terresetbocages.org\/#website\",\"url\":\"https:\/\/terresetbocages.org\/\",\"name\":\"Association TERRES et BOCAGES\",\"description\":\"R\u00e9unir des agriculteurs pour entretenir et am\u00e9liorer le bocage\",\"publisher\":{\"@id\":\"https:\/\/terresetbocages.org\/#organization\"},\"potentialAction\":[{\"@type\":\"SearchAction\",\"target\":{\"@type\":\"EntryPoint\",\"urlTemplate\":\"https:\/\/terresetbocages.org\/?s={search_term_string}\"},\"query-input\":\"required name=search_term_string\"}],\"inLanguage\":\"fr-FR\"},{\"@type\":\"Organization\",\"@id\":\"https:\/\/terresetbocages.org\/#organization\",\"name\":\"Association TERRES & BOCAGES\",\"url\":\"https:\/\/terresetbocages.org\/\",\"logo\":{\"@type\":\"ImageObject\",\"inLanguage\":\"fr-FR\",\"@id\":\"https:\/\/terresetbocages.org\/#\/schema\/logo\/image\/\",\"url\":\"https:\/\/terresetbocages.org\/wp-content\/uploads\/2017\/05\/Logo_TetB.jpg\",\"contentUrl\":\"https:\/\/terresetbocages.org\/wp-content\/uploads\/2017\/05\/Logo_TetB.jpg\",\"width\":1000,\"height\":542,\"caption\":\"Association TERRES & BOCAGES\"},\"image\":{\"@id\":\"https:\/\/terresetbocages.org\/#\/schema\/logo\/image\/\"}}]}<\/script>\n<!-- \/ Yoast SEO plugin. -->","yoast_head_json":{"title":"Adh\u00e9rer &ndash; Association Terres et bocages","robots":{"index":"index","follow":"follow","max-snippet":"max-snippet:-1","max-image-preview":"max-image-preview:large","max-video-preview":"max-video-preview:-1"},"canonical":"https:\/\/terresetbocages.org\/index.php\/adherer-2\/","og_locale":"fr_FR","og_type":"article","og_title":"Adh\u00e9rer &ndash; Association Terres et bocages","og_url":"https:\/\/terresetbocages.org\/index.php\/adherer-2\/","og_site_name":"Association Terres et bocages","article_modified_time":"2025-11-18T20:38:31+00:00","og_image":[{"url":"http:\/\/terresetbocages.org\/wp-content\/uploads\/2023\/02\/farmer.png"}],"twitter_card":"summary_large_image","twitter_misc":{"Dur\u00e9e de lecture estim\u00e9e":"2 minutes"},"schema":{"@context":"https:\/\/schema.org","@graph":[{"@type":"WebPage","@id":"https:\/\/terresetbocages.org\/index.php\/adherer-2\/","url":"https:\/\/terresetbocages.org\/index.php\/adherer-2\/","name":"Adh\u00e9rer &ndash; Association Terres et bocages","isPartOf":{"@id":"https:\/\/terresetbocages.org\/#website"},"datePublished":"2023-02-07T09:28:00+00:00","dateModified":"2025-11-18T20:38:31+00:00","breadcrumb":{"@id":"https:\/\/terresetbocages.org\/index.php\/adherer-2\/#breadcrumb"},"inLanguage":"fr-FR","potentialAction":[{"@type":"ReadAction","target":["https:\/\/terresetbocages.org\/index.php\/adherer-2\/"]}]},{"@type":"BreadcrumbList","@id":"https:\/\/terresetbocages.org\/index.php\/adherer-2\/#breadcrumb","itemListElement":[{"@type":"ListItem","position":1,"name":"Accueil","item":"https:\/\/terresetbocages.org\/"},{"@type":"ListItem","position":2,"name":"Adh\u00e9rer"}]},{"@type":"WebSite","@id":"https:\/\/terresetbocages.org\/#website","url":"https:\/\/terresetbocages.org\/","name":"Association TERRES et BOCAGES","description":"R\u00e9unir des agriculteurs pour entretenir et am\u00e9liorer le bocage","publisher":{"@id":"https:\/\/terresetbocages.org\/#organization"},"potentialAction":[{"@type":"SearchAction","target":{"@type":"EntryPoint","urlTemplate":"https:\/\/terresetbocages.org\/?s={search_term_string}"},"query-input":"required name=search_term_string"}],"inLanguage":"fr-FR"},{"@type":"Organization","@id":"https:\/\/terresetbocages.org\/#organization","name":"Association TERRES & BOCAGES","url":"https:\/\/terresetbocages.org\/","logo":{"@type":"ImageObject","inLanguage":"fr-FR","@id":"https:\/\/terresetbocages.org\/#\/schema\/logo\/image\/","url":"https:\/\/terresetbocages.org\/wp-content\/uploads\/2017\/05\/Logo_TetB.jpg","contentUrl":"https:\/\/terresetbocages.org\/wp-content\/uploads\/2017\/05\/Logo_TetB.jpg","width":1000,"height":542,"caption":"Association TERRES & BOCAGES"},"image":{"@id":"https:\/\/terresetbocages.org\/#\/schema\/logo\/image\/"}}]}},"_links":{"self":[{"href":"https:\/\/terresetbocages.org\/index.php\/wp-json\/wp\/v2\/pages\/371"}],"collection":[{"href":"https:\/\/terresetbocages.org\/index.php\/wp-json\/wp\/v2\/pages"}],"about":[{"href":"https:\/\/terresetbocages.org\/index.php\/wp-json\/wp\/v2\/types\/page"}],"author":[{"embeddable":true,"href":"https:\/\/terresetbocages.org\/index.php\/wp-json\/wp\/v2\/users\/1"}],"replies":[{"embeddable":true,"href":"https:\/\/terresetbocages.org\/index.php\/wp-json\/wp\/v2\/comments?post=371"}],"version-history":[{"count":19,"href":"https:\/\/terresetbocages.org\/index.php\/wp-json\/wp\/v2\/pages\/371\/revisions"}],"predecessor-version":[{"id":721,"href":"https:\/\/terresetbocages.org\/index.php\/wp-json\/wp\/v2\/pages\/371\/revisions\/721"}],"wp:attachment":[{"href":"https:\/\/terresetbocages.org\/index.php\/wp-json\/wp\/v2\/media?parent=371"}],"curies":[{"name":"wp","href":"https:\/\/api.w.org\/{rel}","templated":true}]}}